{"id":7,"date":"2013-02-27T12:58:06","date_gmt":"2013-02-27T12:58:06","guid":{"rendered":"http:\/\/accordarechitarra.net\/?page_id=7"},"modified":"2013-02-27T12:58:06","modified_gmt":"2013-02-27T12:58:06","slug":"david-carelse","status":"publish","type":"page","link":"https:\/\/chitarrafacile.com\/accordarechitarra\/david-carelse\/","title":{"rendered":"David Carelse"},"content":{"rendered":"<div>\n<p>Ciao sono David Carelse, qui mi presento se ancora non mi conosci. Le mie 2 pi\u00f9 grandi passioni sono proprio internet e la chitarra. Proprio per questo ho deciso di metterle insieme per dare un reale contributo a tutte quelle persone che vogliono lo straordinario percorso per diventare chitarristi.<\/p>\n<p>Grazie alla spinta che mi da la passione sono riuscito ad ottenere dei risultati che non mi sarei mai aspettato. In circa 3 anni, sono pi\u00f9 di 21.000 le persone hanno imparato a suonare la loro prima canzone con la chitarra con le indicazioni del mio <a href=\"http:\/\/suonarechitarra.com\/gratis\/lezionichitarra\/\" target=\"_blank\">corso gratuito<\/a>.<\/p>\n<p>Il mio blog principale \u00e8 <a href=\"http:\/\/suonarechitarra.com\" target=\"_blank\">SuonareChitarra.com<\/a> dove scrivo lezioni, considerazioni, pensieri e consigli sul mondo della chitarra, un mondo vastissimo tutto da vivere. La cosa pi\u00f9 importante \u00e8 che grazie agli oltre 30.000 iscritti alla newsletter, il blog \u00e8 pieno di consigli anche dei chitarristi che mi seguono che danno un contributo importante.<\/p>\n<p>Il mio obiettivo \u00e8 quello di fornire i migliori corsi e tutti i consigli che un chitarrista vorrebbe sapere.<\/p>\n<\/div>\n","protected":false},"excerpt":{"rendered":"<p>Ciao sono David Carelse, qui mi presento se ancora non mi conosci. Le mie 2 pi\u00f9 grandi passioni sono proprio internet e la chitarra. Proprio per questo ho deciso di metterle insieme per dare un reale contributo a tutte quelle persone che vogliono lo straordinario percorso per diventare chitarristi. Grazie alla spinta che mi da [&hellip;]<\/p>\n","protected":false},"author":1,"featured_media":0,"parent":0,"menu_order":0,"comment_status":"open","ping_status":"open","template":"","meta":{"footnotes":""},"class_list":["post-7","page","type-page","status-publish","hentry"],"_links":{"self":[{"href":"https:\/\/chitarrafacile.com\/accordarechitarra\/wp-json\/wp\/v2\/pages\/7","targetHints":{"allow":["GET"]}}],"collection":[{"href":"https:\/\/chitarrafacile.com\/accordarechitarra\/wp-json\/wp\/v2\/pages"}],"about":[{"href":"https:\/\/chitarrafacile.com\/accordarechitarra\/wp-json\/wp\/v2\/types\/page"}],"author":[{"embeddable":true,"href":"https:\/\/chitarrafacile.com\/accordarechitarra\/wp-json\/wp\/v2\/users\/1"}],"replies":[{"embeddable":true,"href":"https:\/\/chitarrafacile.com\/accordarechitarra\/wp-json\/wp\/v2\/comments?post=7"}],"version-history":[{"count":0,"href":"https:\/\/chitarrafacile.com\/accordarechitarra\/wp-json\/wp\/v2\/pages\/7\/revisions"}],"wp:attachment":[{"href":"https:\/\/chitarrafacile.com\/accordarechitarra\/wp-json\/wp\/v2\/media?parent=7"}],"curies":[{"name":"wp","href":"https:\/\/api.w.org\/{rel}","templated":true}]}}