{"id":167,"date":"2017-09-08T07:47:03","date_gmt":"2017-09-08T07:47:03","guid":{"rendered":"https:\/\/chitarrafacile.com\/lezionidichitarra\/?page_id=167"},"modified":"2017-09-08T07:48:52","modified_gmt":"2017-09-08T07:48:52","slug":"applicazioniutili","status":"publish","type":"page","link":"https:\/\/chitarrafacile.com\/lezionidichitarra\/applicazioniutili\/","title":{"rendered":"Applicazioni Utili"},"content":{"rendered":"<p>Qui di seguito puoi vedere un video che abbiamo realizzato in collaborazione con &#8220;iPhone Italia&#8221; in cui puoi vedere 5 applicazioni utili per imparare o suonare la chitarra.<\/p>\n<p>Queste applicazioni ti possono aiutare nell&#8217;esercizio, nello studio dei brani, nell&#8217;accordatura e nella registrazione:<\/p>\n<div class=\"flex-video flex-video-youtube\"><iframe width=\"680\" height=\"383\" src=\"https:\/\/www.youtube.com\/embed\/9kecpC9yBKg?feature=oembed\" frameborder=\"0\" allow=\"autoplay; encrypted-media\" allowfullscreen><\/iframe><\/div>\n<h2>Applicazioni introdotte nel video:<\/h2>\n<p><strong>Fender Tune<\/strong>: per accordare la chitarra<\/p>\n<p><strong>Tempo<\/strong>: \u00e8 un&#8217;applicazione che funge da metronomo<\/p>\n<p><strong>Garage Band<\/strong>: creazione e registrazione brani<\/p>\n<p><strong>Ampli Tube<\/strong>: per gestire le performance live con suoni diversi<\/p>\n<p><strong>Guitar Pro<\/strong>: per visualizzare e creare tab<\/p>\n<h2>Corso di Chitarra<\/h2>\n<p>Se stai cercando un corso di chitarra online facile e strutturato per chi vuole divertirsi con la chitarra vai a questo link: <a href=\"https:\/\/chitarrafacile.com\"><strong>Chitarra Facile<\/strong><\/a>.<\/p>\n<h2>Altre Applicazioni interessanti<\/h2>\n<p>Ecco qui di seguito altre applicazioni:<\/p>\n<p><strong>TabToolkit<\/strong><\/p>\n<p>Questa app consente di scaricare centaia di tabs dallo Store Tab online. Inoltre \u00e8 possibile scaricare i tab da diversi siti web. Le canzoni scaricate dal Tab Storee sono tutte trascritte per funzionare specificamente con l\u2019app. Infatti, una volta scaricato una song tab, sar\u00e0 possibile riprodurre singole tracce strumentali oppure tutte le tracce tranne quella che corrisponde al vostro strumento, in modo da poter suonare voi quella parte. Poi, se una sezione della canzone \u00e8 particolarmente difficile, potrete usare la funzione di loop in modo da ripetere quella parte pi\u00f9 e pi\u00f9 volte fino a farla bene. Disponibile su App Store al prezzo di \u20ac 3.59.<\/p>\n<p><strong>PolyTune<\/strong><\/p>\n<p>Questo accordatore polifonico \u00e8 perfetto per il chitarrista che ha bisogno di accordarsi con gli altri alla velocit\u00e0 della luce. Perfetto per l\u2019accordatura sul palco, quando non si ha la capacit\u00e0 di sentire il tono. Suonando tutte le corde a vuoto, sarete in grado di vedere l\u2019intonazione di tutte e sei le corde, ognuna con il proprio indicatore luminoso. L\u2019applicazione dispone anche di un\u2019accordatore per basso. Quest\u2019app \u00e8 in realt\u00e0 una rappresentazione virtuale dell\u2019accordatore per chitarra dello stesso nome della TC Electronics, ma non ha nulla da invidiare a quello vero. Disponibile al prezzo di \u20ac 4,49.<\/p>\n<p><strong>Songsterr Guitar Tabs<\/strong><\/p>\n<p>Questa applicazione \u00e8 una semplice app per il download tablature, con accesso ad un database di circa 500.000 tabs di alta qualit\u00e0 di chitarra e basso. L\u2019app include anche una funzione di riproduzione che vi permetter\u00e0 di far suonare le tracce sul tab scaricato mentre si suona insieme ad esso. Si pu\u00f2 anche rallentare la riproduzione in modo da poter fare pratica al ritmo che preferite. \u00c8 possibile scaricare le canzoni per l\u2019ascolto offline e la pratica. Non sarete mai senza accesso a tabs. Disponibile per \u20ac 17.99.<\/p>\n<p><strong>AmpliTube Slash<\/strong><\/p>\n<p>La versione Slash di AmpliTube contiene effetti per chitarra registrati in studio e realizzati proprio dal noto chitarrista utilizzando il suo fidato amplificatore Marshall e una serie di pedali. In questo modo sar\u00e0 possibile suonare la chitarra utilizzando effetti che lo stesso Slash utilizza nelle registrazione o durante i concerti. Nell\u2019app sono contenute anche una serie di impostazioni per la chitarra, con toni e tweaking di partenza. Quest\u2019applicazione dispone di un processore di effetti digitali che si basa sugli amplificatori preferiti dall\u2019ex chitarrista dei Guns \u2018N Roses, tra cui il Marshall JCM Silver Jubilee, il Marshall AFD100 e il cabinet Marshall dell\u2019annata 1960. Comprende anche sei diversi pedali per chitarra virtuale, come OctoBlue, WahDist, e X-Chours. Inoltre, ogni pedale \u00e8 preimpostato con le preferenze di Slash. C\u2019\u00e8 bisogno di dire di pi\u00f9? Disponibile per \u20ac13.99.<\/p>\n<p><strong>AnyTune Pro + \u2013 Music Practice Perfected<\/strong><\/p>\n<p>Se volete imparare cover per la vostra band, ma state avendo difficolt\u00e0 a capire certi assoli complessi, questo \u201cslow-Downer\u201d riprodurr\u00e0 la vostra musica ad un pi\u00f9 lento BPM (battiti per minuto) senza cambiare la tonalit\u00e0. Puoi anche mettere alcune sezioni della canzone in loop e ripetere pi\u00f9 e pi\u00f9 volte, e quindi aumentare la velocit\u00e0 fino a quando suonerete il pezzo alla velocit\u00e0 corretta. Ogni chitarrista che abbia mai provato a ricreare un assolo sa quanto sia utile questa caratteristica \u00e8. \u00c8 possibile importare i brani della tua libreria musicale, in modo da non dovervi preoccupare di non riuscire a trovare quell\u2019artista jazz sconosciuto del 1940. Una caratteristica aggiuntiva \u00e8 che \u00e8 possibile collegare la chitarra nel dispositivo utilizzando un connettore come iRig e suonare insieme con l\u2019app con regolazioni EQ. Disponibile per \u20ac13.99.<\/p>\n<p><strong>GuitarToolkit<\/strong><\/p>\n<p>Questa \u00e8 un applicazione per chitarristi completa, creata dagli stessi creatori di TabToolkit. Supporta i formati Guitar Pro e Power Tabs, cos\u00ec come i file PDF e di testo. Oltre ad essere un\u2019applicazione full-optional per la lettura di tablature, \u00e8 dotata di un metronomo, un riferimento per il posizionamento delle dita negli accordi di chitarra, con pi\u00f9 di 200.000 accordi, scale e arpeggi, e un accordatore. Supporta una serie di strumenti, tra cui chitarre a sei, sette, e a 12 corde e bassi a quattro, cinque e sei corde, ukulele e altro ancora. E\u2019 possibile accordare lo strumento con accordatura standard o una variet\u00e0 di accordature alternative. In sostanza, tutto quello che normalmente portate nella borsa concerto pu\u00f2 essere sostituita con questa comoda applicazione. Disponibile per \u20ac 8.99.<\/p>\n<p><strong>Subdivide Metronome<\/strong><\/p>\n<p>Questo potente metronomo include pi\u00f9 tempi che vanno dalle semplici battute da 4-4 a modelli complessi. Esso include anche un accordatore strobo che consente di accordare la chitarra. C\u2019\u00e8 un regolatore del tempo, regolatore del volume, variazioni di suono, e di pi\u00f9. Coloro che hanno familiarit\u00e0 con il Dr. Beats saranno in grado di capire facilmente l\u2019interfaccia di questa applicazione. Si tratta di un\u2019applicazione all-in-one per il tempo musicale, in modo da aiutarvi a mantenere il ritmo come una macchina. Disponibile per \u20ac 4,49.<\/p>\n<p><strong>JamUp Pro XT \u2013 Amp Effects Processor<\/strong><\/p>\n<p>Se siete alla ricerca di un stomp box virtuale, non guardate oltre JamUp Pro. Viene fornito con una vasta collezione di effetti Stomp box, vari suoni cabinet simulati, e preset da alcuni dei grandi del settore. Attraverso gli acquisti in-app, \u00e8 possibile aggiungere fino a 36 simulazioni di amplificatori, 30 diversi effetti stompbox e un registratore a 8 tracce. C\u2019\u00e8 un accordatore incorporato, un metronomo, e la possibilit\u00e0 di riproduzione dalla libreria musicale del dispositivo. E \u2018anche compatibile con Audiobus in modo da poter aggiungere i vostri lick creati su JamUp Pro chitarra su Loopy, o qualche altra applicazione di campionamento per avere tanto divertimento. Disponibile per \u20ac 17.99.<\/p>\n","protected":false},"excerpt":{"rendered":"<p>Qui di seguito puoi vedere un video che abbiamo realizzato in collaborazione con &#8220;iPhone Italia&#8221; in cui puoi vedere 5 applicazioni utili per imparare o suonare la chitarra. Queste applicazioni ti possono aiutare nell&#8217;esercizio, nello studio dei brani, nell&#8217;accordatura e nella registrazione: Applicazioni introdotte nel video: Fender Tune: per accordare la chitarra Tempo: \u00e8 un&#8217;applicazione che funge da metronomo Garage Band: creazione e registrazione brani Ampli Tube: per gestire le performance live con suoni diversi Guitar Pro: per visualizzare e creare tab Corso di Chitarra Se stai cercando un corso di chitarra online facile e strutturato per chi vuole divertirsi <\/p>\n","protected":false},"author":1,"featured_media":0,"parent":0,"menu_order":0,"comment_status":"closed","ping_status":"closed","template":"","meta":{"footnotes":""},"class_list":["post-167","page","type-page","status-publish","hentry"],"_links":{"self":[{"href":"https:\/\/chitarrafacile.com\/lezionidichitarra\/wp-json\/wp\/v2\/pages\/167","targetHints":{"allow":["GET"]}}],"collection":[{"href":"https:\/\/chitarrafacile.com\/lezionidichitarra\/wp-json\/wp\/v2\/pages"}],"about":[{"href":"https:\/\/chitarrafacile.com\/lezionidichitarra\/wp-json\/wp\/v2\/types\/page"}],"author":[{"embeddable":true,"href":"https:\/\/chitarrafacile.com\/lezionidichitarra\/wp-json\/wp\/v2\/users\/1"}],"replies":[{"embeddable":true,"href":"https:\/\/chitarrafacile.com\/lezionidichitarra\/wp-json\/wp\/v2\/comments?post=167"}],"version-history":[{"count":3,"href":"https:\/\/chitarrafacile.com\/lezionidichitarra\/wp-json\/wp\/v2\/pages\/167\/revisions"}],"predecessor-version":[{"id":170,"href":"https:\/\/chitarrafacile.com\/lezionidichitarra\/wp-json\/wp\/v2\/pages\/167\/revisions\/170"}],"wp:attachment":[{"href":"https:\/\/chitarrafacile.com\/lezionidichitarra\/wp-json\/wp\/v2\/media?parent=167"}],"curies":[{"name":"wp","href":"https:\/\/api.w.org\/{rel}","templated":true}]}}