{"id":180,"date":"2017-11-01T08:06:57","date_gmt":"2017-11-01T08:06:57","guid":{"rendered":"https:\/\/chitarrafacile.com\/lezionidichitarra\/?page_id=180"},"modified":"2020-04-16T08:51:04","modified_gmt":"2020-04-16T08:51:04","slug":"accordatorechitarra","status":"publish","type":"page","link":"https:\/\/chitarrafacile.com\/lezionidichitarra\/accordatorechitarra\/","title":{"rendered":"Accordatore Chitarra"},"content":{"rendered":"<p>Se non sai come accordare la tua chitarra guarda la lezione completa qui: <a href=\"https:\/\/chitarrafacile.com\/lezionidichitarra\/lezioni-di-chitarra-2-come-accordare-la-chitarra\/\">clicca qui<\/a><\/p>\n<p>Qui di seguito invece puoi semplicemente accordare la chitarra insieme a me:<\/p>\n<div class=\"flex-video flex-video-youtube\"><iframe width=\"680\" height=\"383\" src=\"https:\/\/www.youtube.com\/embed\/zazkr9sVDwc?feature=oembed\" frameborder=\"0\" allow=\"accelerometer; autoplay; encrypted-media; gyroscope; picture-in-picture\" allowfullscreen><\/iframe><\/div>\n<p>Questo video puoi utilizzarlo per accordare la tua chitarra elettrica, acustica o classica.<\/p>\n<p>Potrai accordare la chitarra ad orecchio come si fa quando si suona con un altro amico, ascolta il suono delle sue corde della chitarra.<\/p>\n<p>Accordare la chitarra ad orecchio \u00e8 un ottimo modo anche per cominciare a sviluppare il tuo orecchio musicale, all&#8217;inizio sar\u00e0 difficile, ma poi vedrai che con il passare del tempo migliorerai sempre di pi\u00f9.<\/p>\n","protected":false},"excerpt":{"rendered":"<p>Se non sai come accordare la tua chitarra guarda la lezione completa qui: clicca qui Qui di seguito invece puoi semplicemente accordare la chitarra insieme a me: Questo video puoi utilizzarlo per accordare la tua chitarra elettrica, acustica o classica. Potrai accordare la chitarra ad orecchio come si fa quando si suona con un altro amico, ascolta il suono delle sue corde della chitarra. Accordare la chitarra ad orecchio \u00e8 un ottimo modo anche per cominciare a sviluppare il tuo orecchio musicale, all&#8217;inizio sar\u00e0 difficile, ma poi vedrai che con il passare del tempo migliorerai sempre di pi\u00f9.<\/p>\n","protected":false},"author":1,"featured_media":0,"parent":0,"menu_order":0,"comment_status":"closed","ping_status":"closed","template":"","meta":{"footnotes":""},"class_list":["post-180","page","type-page","status-publish","hentry"],"_links":{"self":[{"href":"https:\/\/chitarrafacile.com\/lezionidichitarra\/wp-json\/wp\/v2\/pages\/180","targetHints":{"allow":["GET"]}}],"collection":[{"href":"https:\/\/chitarrafacile.com\/lezionidichitarra\/wp-json\/wp\/v2\/pages"}],"about":[{"href":"https:\/\/chitarrafacile.com\/lezionidichitarra\/wp-json\/wp\/v2\/types\/page"}],"author":[{"embeddable":true,"href":"https:\/\/chitarrafacile.com\/lezionidichitarra\/wp-json\/wp\/v2\/users\/1"}],"replies":[{"embeddable":true,"href":"https:\/\/chitarrafacile.com\/lezionidichitarra\/wp-json\/wp\/v2\/comments?post=180"}],"version-history":[{"count":3,"href":"https:\/\/chitarrafacile.com\/lezionidichitarra\/wp-json\/wp\/v2\/pages\/180\/revisions"}],"predecessor-version":[{"id":230,"href":"https:\/\/chitarrafacile.com\/lezionidichitarra\/wp-json\/wp\/v2\/pages\/180\/revisions\/230"}],"wp:attachment":[{"href":"https:\/\/chitarrafacile.com\/lezionidichitarra\/wp-json\/wp\/v2\/media?parent=180"}],"curies":[{"name":"wp","href":"https:\/\/api.w.org\/{rel}","templated":true}]}}