{"id":5,"date":"2013-11-21T14:57:50","date_gmt":"2013-11-21T14:57:50","guid":{"rendered":"http:\/\/chitarrafacile.com\/lezionidichitarra\/?page_id=5"},"modified":"2020-07-31T10:16:57","modified_gmt":"2020-07-31T08:16:57","slug":"david-carelse","status":"publish","type":"page","link":"https:\/\/chitarrafacile.com\/lezionidichitarra\/david-carelse\/","title":{"rendered":"David Carelse"},"content":{"rendered":"\n<h2 class=\"wp-block-heading\">&#8220;La Chitarra mi ha cambiato la vita&#8221;<\/h2>\n\n\n\n<p><strong><em>&#8220;La chitarra mi ha cambiato la vita&#8221;<\/em> \u00e8 l&#8217;apoteosi delle frasi fatte<\/strong>, ma nel mio caso non \u00e8 un&#8217;esagerazione.<\/p>\n\n\n\n<p>In questa pagina ti racconter\u00f2 la mia storia, troverai tutte le informazioni scritte, ma se vuoi potrai anche approfondire alcuni argomenti tramite delle interviste che mi hanno fatto in questi ultimi anni&#8230;<\/p>\n\n\n\n<figure class=\"wp-block-embed-youtube wp-block-embed is-type-video is-provider-youtube wp-embed-aspect-16-9 wp-has-aspect-ratio\"><div class=\"wp-block-embed__wrapper\">\n<div class=\"flex-video flex-video-youtube\"><iframe title=\"Vivere di Musica Insegnando Chitarra Online \ud83c\udfb8 (con David di ChitarraFacile.com)\" width=\"680\" height=\"383\" src=\"https:\/\/www.youtube.com\/embed\/77XZjEbhM0g?feature=oembed\" frameborder=\"0\" allow=\"accelerometer; autoplay; encrypted-media; gyroscope; picture-in-picture\" allowfullscreen><\/iframe><\/div>\n<\/div><figcaption><span class=\"has-inline-color has-cyan-bluish-gray-color\">(<em>La storia di David Carelse in 30 minuti in un&#8217;intervista di Michele Maraglino<\/em>)<\/span><\/figcaption><\/figure>\n\n\n\n<p>Quando frequentavo la scuola elementare, a circa <em>7 anni<\/em> ho cominciato ad avere un problema serio di emicrania che in alcuni casi, da quanto forte era mi causava addirittura <strong>problemi alla vista<\/strong>. La situazione pesava gravemente sia sullo studio che sui miei rapporti di amicizia dato che mi capitava di stare a casa 2 giorni su 3 da scuola in alcuni periodi.<\/p>\n\n\n\n<p>A <em>8 anni<\/em> per\u00f2 ho cominciato a scoprire gli strumenti musicali avvicinandomi dapprima alla <strong>tastiera<\/strong> ed in seguito, verso i <em>10 anni<\/em> dopo aver trovato per caso un plettro per strada&#8230; alla <strong>chitarra<\/strong>.<\/p>\n\n\n\n<figure class=\"wp-block-embed-youtube wp-block-embed is-type-video is-provider-youtube wp-embed-aspect-16-9 wp-has-aspect-ratio\"><div class=\"wp-block-embed__wrapper\">\n<div class=\"flex-video flex-video-youtube\"><iframe title=\"Tutti Possono Imparare a Suonare la Chitarra? \ud83c\udfb8 David Carelse diretta su Radio InBlu\" width=\"680\" height=\"383\" src=\"https:\/\/www.youtube.com\/embed\/xubdVkzn4p4?feature=oembed\" frameborder=\"0\" allow=\"accelerometer; autoplay; encrypted-media; gyroscope; picture-in-picture\" allowfullscreen><\/iframe><\/div>\n<\/div><figcaption><em><span class=\"has-inline-color has-cyan-bluish-gray-color\">David Carelse intervistato su Radio InBlu: &#8220;Tutti possono imparare a suonare la chitarra&#8221;<\/span><\/em><\/figcaption><\/figure>\n\n\n\n<p>Ho studiato da autodidatta solo sui libri e tramite qualche consiglio qua e la da qualche chitarrista pi\u00f9 esperto. A <strong><em>12 anni<\/em><\/strong>, in seconda media ho suonato <strong>2 brani di Carlos Santana<\/strong> (<em>Corazon Espinado<\/em> e <em>Smooth<\/em>) al saggio di fine anno accompagnato al basso, tastiera e batteria da quelli che poi sono diventati <strong>la mia prima band<\/strong> e dalla mia classe con flauti e tastiere.<\/p>\n\n\n\n<p>Sempre a 12 anni ho suonato con quella band nel mio <strong>primo locale<\/strong>, iniziando una serie indimenticabile di concerti e classificandoci anche al secondo posto di un contest musicale.<\/p>\n\n\n\n<p>Come si pu\u00f2 immaginare, a 13 anni mi guardavano tutti con stupore, in pi\u00f9 come chitarrista di una band attiravo anche le attenzioni delle mie compagne di scuola, tanto che la mia prima fidanzatina l&#8217;ho trovata proprio cos\u00ec. Diciamo che non ho dovuto fare niente io \ud83d\ude42<\/p>\n\n\n\n<figure class=\"wp-block-embed-youtube wp-block-embed is-type-video is-provider-youtube wp-embed-aspect-16-9 wp-has-aspect-ratio\"><div class=\"wp-block-embed__wrapper\">\n<div class=\"flex-video flex-video-youtube\"><iframe title=\"Con la Chitarra si Cucca? Seduzione con la Chitarra - David Carelse in diretta su Radio Cant\u00f9\" width=\"680\" height=\"383\" src=\"https:\/\/www.youtube.com\/embed\/6krpAV6eohI?feature=oembed\" frameborder=\"0\" allow=\"accelerometer; autoplay; encrypted-media; gyroscope; picture-in-picture\" allowfullscreen><\/iframe><\/div>\n<\/div><figcaption><em><span class=\"has-inline-color has-cyan-bluish-gray-color\">Intervista a David Carelse su Radio Cant\u00f9: &#8220;Con la chitarra si cucca?&#8221;<\/span><\/em><\/figcaption><\/figure>\n\n\n\n<p>Ed \u00e8 quindi proprio grazie alla chitarra che ho ripreso in mano la mia vita, le mie amicizie (creandone di nuove) ed ho fatto le mie prime esperienze amorose, dopo una prima fase della vita dove ero totalmente escluso e visto come qualcuno di &#8220;<em><strong>strano<\/strong><\/em>&#8220;. Ecco perch\u00e8 credo di non esagerare quando dico che la chitarra mi ha cambiato la vita. Ma non \u00e8 finita qui&#8230;<\/p>\n\n\n\n<p>Purtroppo quando le cose cominciano ad andare bene la vita ti mette sempre davanti a delle <em><strong>&#8220;prove&#8221; da superare<\/strong><\/em>. A 13 anni infatti succede che giocando a pallavolo (un&#8217;altra mia grande passione), <strong>mi rompo i tendini del dito medio della mano sinistra con frattura scomposta dell&#8217;ultima falange<\/strong>.<\/p>\n\n\n\n<p>Quando sono andato in ospedale, durante la visita mia mamma ha chiesto subito: <em><strong>&#8220;Ma potr\u00e0 ancora suonare la chitarra?&#8221;<\/strong><\/em>. Mi ricordo perfettamente la faccia del dottore dopo quella domanda. Fino a quel momento non pensavo fosse una cosa seria, ma li ho sentito una bomba esplodere nel mio stomaco. Fortunatamente c&#8217;era una soluzione: &#8220;<em>L&#8217;unica possibilit\u00e0 di poter muovere ancora bene quel dito \u00e8 di fare un&#8217;operazione molto delicata<\/em>&#8221; disse il medico. Ovviamente, senza minimamente pensare ai vari rischi la decisione di farsi operare \u00e8 stata presa all&#8217;istante e per mia grande fortuna l&#8217;operazione \u00e8 andata bene.<\/p>\n\n\n\n<p>Ho passato i successivi 3 mesi estivi (<strong>addio vacanze<\/strong> e divertimento) con dei ferri impiantati nelle ossa che uscivano dal dito e che mi procuravano un dolore lancinante. Ferri che mi hanno tolto con delle pinze a freddo, <strong>senza anestesia<\/strong>. Da quel momento mi sono dovuto esercitare <strong>diverse ore al giorno in modo ossessivo<\/strong> per recuperare la mobilit\u00e0 del dito e tornare a suonare in modo decente.<\/p>\n\n\n\n<p>\u00c8 stata dura, ho superato la prova, ma a quel punto mi sono fatto una promessa: <span style=\"text-decoration: underline;\"><strong>non avrei mai pi\u00f9 mollato la chitarra in vita mia<\/strong> e possibilmente <strong>avrei aiutato anche altre persone a cominciare a suonare<\/strong><\/span>.<\/p>\n\n\n\n<figure class=\"wp-block-embed-youtube wp-block-embed is-type-video is-provider-youtube wp-embed-aspect-16-9 wp-has-aspect-ratio\"><div class=\"wp-block-embed__wrapper\">\n<div class=\"flex-video flex-video-youtube\"><iframe title=\"\u201cREGALATE UNA CHITARRA AI VOSTRI FIGLI INVECE DEI VIDEOGIOCHI\u201d - David Carelse su Rai Isoradio\" width=\"680\" height=\"383\" src=\"https:\/\/www.youtube.com\/embed\/mAmfAgMiU-Q?feature=oembed\" frameborder=\"0\" allow=\"accelerometer; autoplay; encrypted-media; gyroscope; picture-in-picture\" allowfullscreen><\/iframe><\/div>\n<\/div><figcaption><span class=\"has-inline-color has-cyan-bluish-gray-color\"><em>David Carelse intervistato su Rai Isoradio: &#8220;La chitarra rende pi\u00f9 intelligenti&#8221;<\/em><\/span><\/figcaption><\/figure>\n\n\n\n<p>Ho cominciato cos\u00ec a 14 anni nel <strong>2001<\/strong>, ad insegnare ai primi amici che mi chiedevano un aiuto per iniziare a suonare la chitarra. Iniziava a quel punto lo sviluppo di un metodo di insegnamento di cui oggi sono super-orgoglioso. <\/p>\n\n\n\n<p>Da qui alcune decisioni della mia vita sono state molto chiare, come quella volta che ho deciso di fare a meno del motorino e di farmi regalare una chitarra seria dai miei genitori (lo racconto bene in <a href=\"https:\/\/www.youtube.com\/watch?v=fXBX0BovSwA\" target=\"_blank\" rel=\"noreferrer noopener\">questo video<\/a>).<\/p>\n\n\n\n<p>Altre decisioni sono state pi\u00f9 discutibili agli occhi di oggi. Per esempio quando i miei genitori volevano mandarmi al conservatorio finite le scuole medie ed io invece ho detto loro: &#8220;<strong><em>Ma quale conservatorio! La chitarra rimarr\u00e0 un hobby, devo trovarmi un lavoro serio! Vado a fare ragioneria<\/em><\/strong>&#8220;. Pessima scelta, dato che poi sono anche stato bocciato. In pratica \u00e8 successo quello che di solito succede al contrario in una famiglia &#8220;<em>normale<\/em>&#8221; \ud83d\ude42<\/p>\n\n\n\n<p>Comunque dai 12 ai 19 anni ho suonato veramente tanto in giro, ho anche suonato per un paio di anni con un <strong>musical<\/strong> con cui ho girato praticamente tutti i teatri della provincia di Padova. Il tutto mentre continuavo a insegnare.<\/p>\n\n\n\n<p>Mollata la scuola di ragioneria ho intrapreso il percorso scolastico per diventare grafico pubblicitario. Gi\u00e0 a 13 anni ho creato il mio primo sito, la passione per internet \u00e8 sempre stata un punto fisso per me (alla fine degli anni 90 non era cos\u00ec scontato come oggi). Dopo diversi anni di lavoro nell&#8217;ambito della comunicazione online nel 2009 ho deciso che dovevo sfruttare le mie competenze di comunicazione per <strong>&#8220;divulgare&#8221;<\/strong> alcuni concetti nel mondo della chitarra.<\/p>\n\n\n\n<p>Sono partito con un blog, poi alcune persone con cui collaboravo hanno deciso di &#8220;obbligarmi&#8221; a fare un corso. Io non ne avevo nessuna intenzione, ma ho deciso di provare inizialmente con alcune lezioni gratuite. Da li ho visto subito che la cosa funzionava parecchio. Un sacco di persone riconoscevano in me la capacit\u00e0 di spiegare in modo chiaro e semplice i concetti che non erano mai riusciti a capire con un maestro dal vivo. Mi sono reso conto che sotto quel punto di vista avevo un&#8217;abilit\u00e0 che poteva anche migliorare ed il metodo di insegnamento funzionava anche online, non solo con i miei studenti dal vivo.<\/p>\n\n\n\n<p><strong>Nel 2010 il primo corso a pagamento<\/strong> fu subito un successo e da li mi \u00e8 partita la straordinaria ossessione per il miglioramento e la ricerca del metodo di insegnamento perfetto.<\/p>\n\n\n\n<p>Nel <strong>2015<\/strong> ho scoperto la teoria del flusso (o <em>flow<\/em>) dello psicologo ungherese <strong><em>Mih\u00e1ly Cs\u00edkszentmih\u00e1lyi<\/em><\/strong> che, dopo averlo studiato, mi ha permesso di fare un passo enorme in avanti con il miglioramento del <em>metodo Chitarra Facile<\/em>.<\/p>\n\n\n\n<figure class=\"wp-block-embed-youtube wp-block-embed is-type-video is-provider-youtube wp-embed-aspect-16-9 wp-has-aspect-ratio\"><div class=\"wp-block-embed__wrapper\">\n<div class=\"flex-video flex-video-youtube\"><iframe title=\"David Carelse e Chitarra Facile\u2122 su RAI NEWS 24!\" width=\"680\" height=\"383\" src=\"https:\/\/www.youtube.com\/embed\/HgNMtgitTyg?feature=oembed\" frameborder=\"0\" allow=\"accelerometer; autoplay; encrypted-media; gyroscope; picture-in-picture\" allowfullscreen><\/iframe><\/div>\n<\/div><figcaption><em><span class=\"has-inline-color has-cyan-bluish-gray-color\">Su Rai News 24 parlano di David Carelse e Chitarra Facile<\/span><\/em><\/figcaption><\/figure>\n\n\n\n<p>A quel punto mi sono dedicato esclusivamente all&#8217;insegnamento della chitarra come lavoro. Mi sono reso conto che ormai ero specializzato in questo ambito e soprattutto ottenevo dei risultati incredibilmente positivi. Ma ancora di pi\u00f9 la motivazione pi\u00f9 grande per me \u00e8 diventata quella di riuscire a creare nuovi musicisti ogni giorno in un mondo che si sposta sempre di pi\u00f9 verso la musica &#8220;<em>finta<\/em>&#8221; o meglio &#8220;<em>non-suonata<\/em>&#8220;. <strong>Mi sveglio ogni mattina cercando di fare sempre qualcosa di pi\u00f9 per i miei studenti<\/strong> lottando per fare in modo che ci sia una persona in pi\u00f9 che sceglier\u00e0 di creare musica e arte con degli strumenti musicali veri.<\/p>\n\n\n\n<figure class=\"wp-block-embed-youtube wp-block-embed is-type-video is-provider-youtube wp-embed-aspect-16-9 wp-has-aspect-ratio\"><div class=\"wp-block-embed__wrapper\">\n<div class=\"flex-video flex-video-youtube\"><iframe title=\"IL MIO SUONO PREFERITO con il NU TUBE SCREAMER, a chi mi sono ispirato? #IoRestoaCasa #SuonareFaBene\" width=\"680\" height=\"383\" src=\"https:\/\/www.youtube.com\/embed\/aJBXIJSJHk0?feature=oembed\" frameborder=\"0\" allow=\"accelerometer; autoplay; encrypted-media; gyroscope; picture-in-picture\" allowfullscreen><\/iframe><\/div>\n<\/div><figcaption><em><span class=\"has-inline-color has-cyan-bluish-gray-color\">David Carelse suona un assolo per sensibilizzare a stare a casa durante la quarantena.<\/span><\/em><\/figcaption><\/figure>\n","protected":false},"excerpt":{"rendered":"<p>&#8220;La Chitarra mi ha cambiato la vita&#8221; &#8220;La chitarra mi ha cambiato la vita&#8221; \u00e8 l&#8217;apoteosi delle frasi fatte, ma nel mio caso non \u00e8 un&#8217;esagerazione. In questa pagina ti racconter\u00f2 la mia storia, troverai tutte le informazioni scritte, ma se vuoi potrai anche approfondire alcuni argomenti tramite delle interviste che mi hanno fatto in questi ultimi anni&#8230; Quando frequentavo la scuola elementare, a circa 7 anni ho cominciato ad avere un problema serio di emicrania che in alcuni casi, da quanto forte era mi causava addirittura problemi alla vista. La situazione pesava gravemente sia sullo studio che sui miei <\/p>\n","protected":false},"author":1,"featured_media":0,"parent":0,"menu_order":0,"comment_status":"open","ping_status":"open","template":"","meta":{"footnotes":""},"class_list":["post-5","page","type-page","status-publish","hentry"],"_links":{"self":[{"href":"https:\/\/chitarrafacile.com\/lezionidichitarra\/wp-json\/wp\/v2\/pages\/5","targetHints":{"allow":["GET"]}}],"collection":[{"href":"https:\/\/chitarrafacile.com\/lezionidichitarra\/wp-json\/wp\/v2\/pages"}],"about":[{"href":"https:\/\/chitarrafacile.com\/lezionidichitarra\/wp-json\/wp\/v2\/types\/page"}],"author":[{"embeddable":true,"href":"https:\/\/chitarrafacile.com\/lezionidichitarra\/wp-json\/wp\/v2\/users\/1"}],"replies":[{"embeddable":true,"href":"https:\/\/chitarrafacile.com\/lezionidichitarra\/wp-json\/wp\/v2\/comments?post=5"}],"version-history":[{"count":19,"href":"https:\/\/chitarrafacile.com\/lezionidichitarra\/wp-json\/wp\/v2\/pages\/5\/revisions"}],"predecessor-version":[{"id":297,"href":"https:\/\/chitarrafacile.com\/lezionidichitarra\/wp-json\/wp\/v2\/pages\/5\/revisions\/297"}],"wp:attachment":[{"href":"https:\/\/chitarrafacile.com\/lezionidichitarra\/wp-json\/wp\/v2\/media?parent=5"}],"curies":[{"name":"wp","href":"https:\/\/api.w.org\/{rel}","templated":true}]}}