{"id":539,"date":"2021-05-19T09:22:31","date_gmt":"2021-05-19T07:22:31","guid":{"rendered":"https:\/\/chitarrafacile.com\/lezionidichitarra\/?page_id=539"},"modified":"2024-05-22T13:44:23","modified_gmt":"2024-05-22T11:44:23","slug":"libri-e-manuale-di-chitarra","status":"publish","type":"page","link":"https:\/\/chitarrafacile.com\/lezionidichitarra\/libri-e-manuale-di-chitarra\/","title":{"rendered":"Libri e Manuale di Chitarra"},"content":{"rendered":"\n<p>In questa pagina trovi i nostri <strong>libri e manuali stampati<\/strong> e pubblicati, disponibili su ordinazione in oltre 5.000 librerie fisiche e tutti gli store online come <em>Mondadori Store, Feltrinelli Store, Amazon<\/em>, ecc&#8230;<\/p>\n\n\n\n<h2 class=\"wp-block-heading\">100 Esercizi da Divano<\/h2>\n\n\n\n<div class=\"wp-block-columns is-layout-flex wp-container-core-columns-is-layout-9d6595d7 wp-block-columns-is-layout-flex\">\n<div class=\"wp-block-column is-layout-flow wp-block-column-is-layout-flow\" style=\"flex-basis:33.33%\">\n<figure class=\"wp-block-image size-full\"><a href=\"https:\/\/chitarrafacile.com\/100-esercizi-divano\/\"><img decoding=\"async\" width=\"500\" height=\"547\" src=\"https:\/\/chitarrafacile.com\/lezionidichitarra\/wp-content\/uploads\/2024\/05\/libro-500.png\" alt=\"\" class=\"wp-image-4288\" srcset=\"https:\/\/chitarrafacile.com\/lezionidichitarra\/wp-content\/uploads\/2024\/05\/libro-500.png 500w, https:\/\/chitarrafacile.com\/lezionidichitarra\/wp-content\/uploads\/2024\/05\/libro-500-274x300.png 274w\" sizes=\"(max-width: 500px) 100vw, 500px\" \/><\/a><\/figure>\n<\/div>\n\n\n\n<div class=\"wp-block-column is-layout-flow wp-block-column-is-layout-flow\" style=\"flex-basis:66.66%\">\n<p>Un manuale semplice, chiaro ed efficace con esercizi di chitarra per migliorare l&#8217;agilit\u00e0 delle tue dita grazie alla tecnica e la meccanica chitarristica, con 100 esercizi meccanici, cromatici e melodici. Gli esercizi sono in diverse tonalit\u00e0 e prevedono l&#8217;utilizzo di accordi e scale diverse. Per ogni esercizio \u00e8 indicata la diteggiatura da utilizzare in modo tale da acquisire nuovi movimenti per le tue dita. Sono presenti anche delle basi musicali online da scaricare gratuitamente.<\/p>\n\n\n\n<p>\u00c8 presente la prefazione di Davide Tagliapietra e un&#8217;introduzione di David Carelse con consigli pratici e scientifici per applicare lo studio di questo manuale, e su come organizzare e pianificare il proprio studio per ottenere dei risultati incredibili grazie al concetto di pratica deliberata.<\/p>\n\n\n\n<h2 class=\"wp-block-heading has-text-align-center has-light-green-cyan-to-vivid-green-cyan-gradient-background has-background\"><a href=\"https:\/\/chitarrafacile.com\/100-esercizi-divano\/\">Clicca qui per acquistarlo<\/a><\/h2>\n<\/div>\n<\/div>\n\n\n\n<h2 class=\"wp-block-heading\">Il Libro degli Accordi<\/h2>\n\n\n\n<div class=\"wp-block-columns is-layout-flex wp-container-core-columns-is-layout-9d6595d7 wp-block-columns-is-layout-flex\">\n<div class=\"wp-block-column is-layout-flow wp-block-column-is-layout-flow\" style=\"flex-basis:33.33%\">\n<figure class=\"wp-block-image size-full\"><a href=\"https:\/\/chitarrafacile.com\/accordiperchitarra\"><img decoding=\"async\" width=\"500\" height=\"535\" src=\"https:\/\/chitarrafacile.com\/lezionidichitarra\/wp-content\/uploads\/2024\/02\/render-libro-accordi-500.png\" alt=\"\" class=\"wp-image-3414\" srcset=\"https:\/\/chitarrafacile.com\/lezionidichitarra\/wp-content\/uploads\/2024\/02\/render-libro-accordi-500.png 500w, https:\/\/chitarrafacile.com\/lezionidichitarra\/wp-content\/uploads\/2024\/02\/render-libro-accordi-500-280x300.png 280w\" sizes=\"(max-width: 500px) 100vw, 500px\" \/><\/a><\/figure>\n<\/div>\n\n\n\n<div class=\"wp-block-column is-layout-flow wp-block-column-is-layout-flow\" style=\"flex-basis:66.66%\">\n<p>Il manuale e prontuario a colori definitivo degli accordi per chitarra perfetto anche per i principianti con tutte le chitarre: elettrica, acustica e classica.<\/p>\n\n\n\n<p>All&#8217;interno del libro trovi anche le lezioni di teoria sugli accordi e ritmica per imparare a costruire gli accordi in totale autonomia senza doverli imparare tutti a memoria.<\/p>\n\n\n\n<p>In omaggio il videocorso online nell&#8217;area riservata della scuola Chitarra Facile.<\/p>\n\n\n\n<h2 class=\"wp-block-heading has-text-align-center has-light-green-cyan-to-vivid-green-cyan-gradient-background has-background\"><a href=\"https:\/\/chitarrafacile.com\/accordiperchitarra\">Clicca qui per acquistarlo<\/a><\/h2>\n<\/div>\n<\/div>\n\n\n\n<p><\/p>\n\n\n\n<h2 class=\"wp-block-heading\">Il Manuale CHIT-START<\/h2>\n\n\n\n<div class=\"wp-block-columns is-layout-flex wp-container-core-columns-is-layout-9d6595d7 wp-block-columns-is-layout-flex\">\n<div class=\"wp-block-column is-layout-flow wp-block-column-is-layout-flow\" style=\"flex-basis:33.33%\">\n<figure class=\"wp-block-image size-large\"><a href=\"https:\/\/chitarrafacile.com\/manuale\"><img decoding=\"async\" width=\"400\" height=\"550\" src=\"https:\/\/chitarrafacile.com\/lezionidichitarra\/wp-content\/uploads\/2021\/05\/cover-chitsart-400.png\" alt=\"\" class=\"wp-image-538\" srcset=\"https:\/\/chitarrafacile.com\/lezionidichitarra\/wp-content\/uploads\/2021\/05\/cover-chitsart-400.png 400w, https:\/\/chitarrafacile.com\/lezionidichitarra\/wp-content\/uploads\/2021\/05\/cover-chitsart-400-218x300.png 218w\" sizes=\"(max-width: 400px) 100vw, 400px\" \/><\/a><\/figure>\n<\/div>\n\n\n\n<div class=\"wp-block-column is-layout-flow wp-block-column-is-layout-flow\" style=\"flex-basis:66.66%\">\n<p>Il Manuale CHIT-START \u00e8 il manuale perfetto per <strong>iniziare a suonare la chitarra da zero<\/strong>. All&#8217;interno troverai informazioni che gli altri corsi e manuali ignorano, ma che sono fondamentali per iniziare con il piede giusto e divertirsi senza perdere la motivazione.<\/p>\n\n\n\n<h2 class=\"wp-block-heading has-text-align-center has-light-green-cyan-to-vivid-green-cyan-gradient-background has-background\"><a href=\"https:\/\/chitarrafacile.com\/manuale\">Clicca qui per acquistarlo<\/a><\/h2>\n<\/div>\n<\/div>\n\n\n\n<h2 class=\"wp-block-heading\">Il Libro delle Scale (vol.1)<\/h2>\n\n\n\n<div class=\"wp-block-columns is-layout-flex wp-container-core-columns-is-layout-9d6595d7 wp-block-columns-is-layout-flex\">\n<div class=\"wp-block-column is-layout-flow wp-block-column-is-layout-flow\" style=\"flex-basis:33.33%\">\n<figure class=\"wp-block-image size-full\"><a href=\"https:\/\/amzn.to\/3OpRIRd\"><img decoding=\"async\" width=\"500\" height=\"559\" src=\"https:\/\/chitarrafacile.com\/lezionidichitarra\/wp-content\/uploads\/2024\/02\/Mockup-scale-500.png\" alt=\"\" class=\"wp-image-3416\" srcset=\"https:\/\/chitarrafacile.com\/lezionidichitarra\/wp-content\/uploads\/2024\/02\/Mockup-scale-500.png 500w, https:\/\/chitarrafacile.com\/lezionidichitarra\/wp-content\/uploads\/2024\/02\/Mockup-scale-500-268x300.png 268w\" sizes=\"(max-width: 500px) 100vw, 500px\" \/><\/a><\/figure>\n<\/div>\n\n\n\n<div class=\"wp-block-column is-layout-flow wp-block-column-is-layout-flow\" style=\"flex-basis:66.66%\">\n<p>Il libro, manuale e prontuario con tutte le scale per chitarra principali che potrai utilizzare per esercitarti, o per improvvisare sulle basi musicali che trovi online. Anche questo libro \u00e8 il punto di riferimento per completezza e grafica comprensibile a colori.<\/p>\n\n\n\n<p>All&#8217;inizio c&#8217;\u00e8 tutta una parte di teoria musicale, molto utile per comprendere come si creano le varie scale, e in omaggio avrai accesso al videocorso online con la spiegazione video della teoria.<\/p>\n\n\n\n<h2 class=\"wp-block-heading has-text-align-center has-light-green-cyan-to-vivid-green-cyan-gradient-background has-background\"><a href=\"https:\/\/amzn.to\/3OpRIRd\">Clicca qui per acquistarlo<\/a><\/h2>\n<\/div>\n<\/div>\n\n\n\n<h2 class=\"wp-block-heading\">Libro &#8220;La Mente del Chitarrista&#8221;<\/h2>\n\n\n\n<div class=\"wp-block-columns is-layout-flex wp-container-core-columns-is-layout-9d6595d7 wp-block-columns-is-layout-flex\">\n<div class=\"wp-block-column is-layout-flow wp-block-column-is-layout-flow\" style=\"flex-basis:33.33%\">\n<figure class=\"wp-block-image size-large\"><a href=\"https:\/\/chitarrafacile.com\/lamente\/\"><img decoding=\"async\" width=\"400\" height=\"515\" src=\"https:\/\/chitarrafacile.com\/lezionidichitarra\/wp-content\/uploads\/2021\/05\/render-libro-lamentedelchitarrista-davidcarelse-400.png\" alt=\"\" class=\"wp-image-540\" srcset=\"https:\/\/chitarrafacile.com\/lezionidichitarra\/wp-content\/uploads\/2021\/05\/render-libro-lamentedelchitarrista-davidcarelse-400.png 400w, https:\/\/chitarrafacile.com\/lezionidichitarra\/wp-content\/uploads\/2021\/05\/render-libro-lamentedelchitarrista-davidcarelse-400-233x300.png 233w\" sizes=\"(max-width: 400px) 100vw, 400px\" \/><\/a><\/figure>\n<\/div>\n\n\n\n<div class=\"wp-block-column is-layout-flow wp-block-column-is-layout-flow\" style=\"flex-basis:66.66%\">\n<p>Il libro &#8220;<em>La Mente del Chitarrista<\/em>&#8221; \u00e8 un libro da leggere, non \u00e8 un manuale con esercizi, ma ti fornir\u00e0 degli ottimi consigli per ottenere il massimo da qualunque corso, per gestire al meglio il tuo tempo e per ritrovare motivazione e costanza nello studio della chitarra.<\/p>\n\n\n\n<h2 class=\"wp-block-heading has-text-align-center has-light-green-cyan-to-vivid-green-cyan-gradient-background has-background\"><a href=\"https:\/\/chitarrafacile.com\/lamente\/\">Clicca qui per acquistarlo<\/a><\/h2>\n<\/div>\n<\/div>\n\n\n\n<div class=\"wp-block-columns is-layout-flex wp-container-core-columns-is-layout-9d6595d7 wp-block-columns-is-layout-flex\"><\/div>\n","protected":false},"excerpt":{"rendered":"<p>In questa pagina trovi i nostri libri e manuali stampati e pubblicati, disponibili su ordinazione in oltre 5.000 librerie fisiche e tutti gli store online come Mondadori Store, Feltrinelli Store, Amazon, ecc&#8230; 100 Esercizi da Divano Un manuale semplice, chiaro ed efficace con esercizi di chitarra per migliorare l&#8217;agilit\u00e0 delle tue dita grazie alla tecnica e la meccanica chitarristica, con 100 esercizi meccanici, cromatici e melodici. Gli esercizi sono in diverse tonalit\u00e0 e prevedono l&#8217;utilizzo di accordi e scale diverse. Per ogni esercizio \u00e8 indicata la diteggiatura da utilizzare in modo tale da acquisire nuovi movimenti per le tue dita. <\/p>\n","protected":false},"author":1,"featured_media":0,"parent":0,"menu_order":0,"comment_status":"closed","ping_status":"closed","template":"","meta":{"footnotes":""},"class_list":["post-539","page","type-page","status-publish","hentry"],"_links":{"self":[{"href":"https:\/\/chitarrafacile.com\/lezionidichitarra\/wp-json\/wp\/v2\/pages\/539","targetHints":{"allow":["GET"]}}],"collection":[{"href":"https:\/\/chitarrafacile.com\/lezionidichitarra\/wp-json\/wp\/v2\/pages"}],"about":[{"href":"https:\/\/chitarrafacile.com\/lezionidichitarra\/wp-json\/wp\/v2\/types\/page"}],"author":[{"embeddable":true,"href":"https:\/\/chitarrafacile.com\/lezionidichitarra\/wp-json\/wp\/v2\/users\/1"}],"replies":[{"embeddable":true,"href":"https:\/\/chitarrafacile.com\/lezionidichitarra\/wp-json\/wp\/v2\/comments?post=539"}],"version-history":[{"count":4,"href":"https:\/\/chitarrafacile.com\/lezionidichitarra\/wp-json\/wp\/v2\/pages\/539\/revisions"}],"predecessor-version":[{"id":4289,"href":"https:\/\/chitarrafacile.com\/lezionidichitarra\/wp-json\/wp\/v2\/pages\/539\/revisions\/4289"}],"wp:attachment":[{"href":"https:\/\/chitarrafacile.com\/lezionidichitarra\/wp-json\/wp\/v2\/media?parent=539"}],"curies":[{"name":"wp","href":"https:\/\/api.w.org\/{rel}","templated":true}]}}